{"id":372,"date":"2021-12-08T10:07:37","date_gmt":"2021-12-08T09:07:37","guid":{"rendered":"https:\/\/www.brugger-hof.it\/?page_id=372"},"modified":"2021-12-08T10:07:37","modified_gmt":"2021-12-08T09:07:37","slug":"colophon","status":"publish","type":"page","link":"https:\/\/www.brugger-hof.it\/it\/colophon\/","title":{"rendered":"Colophon"},"content":{"rendered":"<h3>Editore &amp; Proprietario<\/h3>\n<p>Bruggerhof Liquori<br \/>\nd. Markus Gamper<br \/>\nVia Brugger 5<br \/>\nI-39020 Marlengo (BZ)<br \/>\nAlto Adige \/ Italia<br \/>\nT +39 0473 920 828<br \/>\n<a href=\"mailto:&#105;n&#102;&#111;&#64;&#98;&#114;&#117;&#103;ge&#114;-&#104;&#111;&#102;.i&#116;\">i&#110;&#102;o&#64;&#98;rug&#103;&#101;&#114;&#45;&#104;&#111;&#102;&#46;i&#116;<\/a><\/p>\n<p>P-IVA: 01746900214<\/p>\n<h3>Design, Programmazione &amp; CMS<\/h3>\n<p>ps-design<br \/>\nd. Pircher Stefan<br \/>\nVia Monte Luco 24<br \/>\nI-39011 Lana (BZ)<br \/>\nM +39 333 3914367<br \/>\n<a href=\"mailto:i&#110;&#102;o&#64;p&#115;-de&#115;&#105;g&#110;.&#105;&#116;\">&#105;&#110;&#102;&#111;&#64;&#112;s-d&#101;&#115;ign&#46;&#105;&#116;<\/a><\/p>\n<h3>Testi<\/h3>\n<p>Johanna Karbacher<\/p>\n<h3>Immagini e fonti immagini<\/h3>\n<p>Famiglia Gamper, G&amp;D Staschitz<\/p>\n<h3>Note &amp; Dichiarazione di non responsabilit\u00e0<\/h3>\n<p>Tutte le informazioni e i contenuti di questo sito web sono stati attentamente controllati da noi. Nonostante tutte le dovute cure, non \u00e8 possibile assumere alcuna responsabilit\u00e0 o garanzia per l&#8217;accuratezza, la completezza e la tempestivit\u00e0 dei dati. Questo vale anche per tutti gli altri siti Web a cui fanno riferimento i collegamenti ipertestuali. Bruggerhof Liquori non \u00e8 responsabile del contenuto dei siti Web che vengono raggiunti attraverso tale link. Ci riserviamo il diritto di apportare aggiornamenti, modifiche o aggiunte alle informazioni e ai dati forniti.<\/p>\n<h3>Copyright<\/h3>\n<p>Il concetto, la struttura e il contenuto di questo sito web sono protetti dal diritto d&#8217;autore. La duplicazione di informazioni o dati, in particolare l&#8217;uso di testi, parti di testi o immagini richiede il previo consenso di Bruggerhof Liquori.<\/p>\n<h3>CMS-System<\/h3>\n<p>powered by <a href=\"\/\/it.wordpress.org\" target=\"_blank\" rel=\"noopener noreferrer\">WordPress<\/a><\/p>\n","protected":false},"excerpt":{"rendered":"<p>Editore &amp; Proprietario Bruggerhof Liquori d. Markus Gamper Via Brugger 5 I-39020 Marlengo (BZ) Alto Adige \/ Italia T +39 0473 920 828 P-IVA: 01746900214 Design, Programmazione &amp; CMS ps-design d. Pircher Stefan Via Monte Luco 24 I-39011 Lana (BZ) M +39 333 3914367 Testi Johanna Karbacher Immagini e fonti immagini Famiglia Gamper, G&amp;D Staschitz [&hellip;]<\/p>\n","protected":false},"author":1,"featured_media":0,"parent":0,"menu_order":15,"comment_status":"closed","ping_status":"closed","template":"","meta":[],"zusatzfelder":[],"_links":{"self":[{"href":"https:\/\/www.brugger-hof.it\/it\/wp-json\/wp\/v2\/pages\/372"}],"collection":[{"href":"https:\/\/www.brugger-hof.it\/it\/wp-json\/wp\/v2\/pages"}],"about":[{"href":"https:\/\/www.brugger-hof.it\/it\/wp-json\/wp\/v2\/types\/page"}],"author":[{"embeddable":true,"href":"https:\/\/www.brugger-hof.it\/it\/wp-json\/wp\/v2\/users\/1"}],"replies":[{"embeddable":true,"href":"https:\/\/www.brugger-hof.it\/it\/wp-json\/wp\/v2\/comments?post=372"}],"version-history":[{"count":0,"href":"https:\/\/www.brugger-hof.it\/it\/wp-json\/wp\/v2\/pages\/372\/revisions"}],"wp:attachment":[{"href":"https:\/\/www.brugger-hof.it\/it\/wp-json\/wp\/v2\/media?parent=372"}],"wp:term":[{"taxonomy":"zusatzfelder","embeddable":true,"href":"https:\/\/www.brugger-hof.it\/it\/wp-json\/wp\/v2\/zusatzfelder?post=372"}],"curies":[{"name":"wp","href":"https:\/\/api.w.org\/{rel}","templated":true}]}}